{"id":304,"date":"2013-03-07T20:59:26","date_gmt":"2013-03-07T20:59:26","guid":{"rendered":"http:\/\/www.boto.cz\/?page_id=304"},"modified":"2023-05-08T17:07:41","modified_gmt":"2023-05-08T17:07:41","slug":"media","status":"publish","type":"page","link":"http:\/\/www.boto.cz\/?page_id=304","title":{"rendered":"M\u00e9dia"},"content":{"rendered":"<h2>P\u0159ehled zpr\u00e1v o Beskydsk\u00e9 oblasti tmav\u00e9 oblohy v m\u00e9di\u00edch<\/h2>\n<h4 class=\"tts-prop-name tts-part\" data-tts-prop=\"name\" data-tts-part=\"0\"><a href=\"https:\/\/podcasty.hn.cz\/c1-67201300-zvirata-uz-nemaji-pred-clovekem-kam-utect-ani-v-horach-neni-klid-rika-sef-chko-beskydy\">Zv\u00ed\u0159ata u\u017e nemaj\u00ed p\u0159ed \u010dlov\u011bkem kam ut\u00e9ct, ani v hor\u00e1ch nen\u00ed klid, \u0159\u00edk\u00e1 \u0161\u00e9f CHKO Beskydy<\/a> 5.5.2023<\/h4>\n<h4><a href=\"https:\/\/www.ceskatelevize.cz\/porady\/10101491767-studio-ct24\/223411058060301\/\">Studio \u010cT 24<\/a>, v \u010dase od 53:36, 1.3.2023<\/h4>\n<h4 class=\"article-type article-type--audio\"><a href=\"https:\/\/zlin.rozhlas.cz\/na-beskydskem-gruni-lezi-meteorit-s-rodokmenem-na-zemi-dopadl-v-roce-2000-8479023\">Na beskydsk\u00e9m Gr\u00fani le\u017e\u00ed meteorit s rodokmenem. Na Zemi dopadl v roce 2000<\/a> 30.4.2021<\/h4>\n<h4>\n<a href=\"http:\/\/www.boto.cz\/wp-content\/uploads\/2013\/03\/tyden.png\"><img loading=\"lazy\" class=\"size-full wp-image-479 alignright\" style=\"border: none;\" title=\"respekt\" src=\"http:\/\/www.boto.cz\/wp-content\/uploads\/2013\/03\/tyden.png\" alt=\"\" width=\"135\" height=\"35\" \/><\/a><\/h4>\n<div style=\"text-align: left;\">\n<p><strong><a href=\"http:\/\/www.tyden.cz\/rubriky\/veda\/vesmir\/v-jizerkach-a-beskydech-budou-pozorovat-nejtmavsi-nebe_270417.html\">&#8220;V Jizerk\u00e1ch a Beskydech budou pozorovat nejtmav\u0161\u00ed nebe&#8221;<\/a><\/strong>, 16.5.2013<\/p>\n<p>\u010cesk\u00e9 oblasti tmav\u00e9 oblohy se p\u0159edstavuj\u00ed na astronomick\u00e9m dni.<\/p>\n<\/div>\n<hr \/>\n<div><img loading=\"lazy\" class=\"size-full wp-image-507 alignleft\" title=\"polar\" src=\"http:\/\/www.boto.cz\/wp-content\/uploads\/2013\/03\/polar.jpg\" alt=\"\" width=\"135\" height=\"45\" \/><\/div>\n<div><\/div>\n<div style=\"text-align: right;\">\n<p><strong><a href=\"http:\/\/www.polar.cz\/archiv\/video\/eko-magazin-12-03-2013-17-13\">TV Polar, po\u0159ad EkoMagaz\u00edn<\/a><\/strong>,\u00a012.3.2013<\/p>\n<p>Patn\u00e1ctiminutov\u00e1 zevrubn\u00e1 report\u00e1\u017e o Beskydsk\u00e9 oblasti a sv\u011bteln\u00e9m zne\u010di\u0161t\u011bn\u00ed<\/p>\n<\/div>\n<hr \/>\n<p><a href=\"http:\/\/www.boto.cz\/wp-content\/uploads\/2013\/03\/respekt.jpg\"><img loading=\"lazy\" class=\"size-full wp-image-479 alignright\" style=\"border: none;\" title=\"respekt\" src=\"http:\/\/www.boto.cz\/wp-content\/uploads\/2013\/03\/5-mobr-RESPEKTlogo100k30c72dpi_53px.jpg\" alt=\"\" width=\"135\" height=\"40\" \/><\/a><\/p>\n<div style=\"text-align: left;\">\n<p><strong>\u010casopis Respekt<\/strong>, 11.-17.3.2013<\/p>\n<p>Vznik BOTO byl uveden v rubrice &#8220;10 \u010desk\u00fdch zpr\u00e1v, kter\u00e9 by v\u00e1s nem\u011bly minout&#8221;<\/p>\n<\/div>\n<hr \/>\n<p><a href=\"http:\/\/www.boto.cz\/wp-content\/uploads\/2013\/03\/ta3.jpg\"><img loading=\"lazy\" class=\"size-full wp-image-513 alignleft\" title=\"ta3\" src=\"http:\/\/www.boto.cz\/wp-content\/uploads\/2013\/03\/ta3.jpg\" alt=\"\" width=\"135\" height=\"58\" \/><\/a><\/p>\n<div style=\"text-align: right;\"><strong><a href=\"http:\/\/www.ta3.com\/clanok\/1016108\/na-hornych-kysuciach-vyhlasili-rezervaciu-tmavej-oblohy.html\">&#8220;Na horn\u00fdch Kysuciach vyhl\u00e1sili rezerv\u00e1ciu tmavej oblohy&#8221;<\/a><\/strong>,\u00a010.3.2013<br \/>\nReport\u00e1\u017e o zalo\u017een\u00ed BOTO z vys\u00edl\u00e1n\u00ed slovensk\u00e9 TA3.<\/div>\n<hr \/>\n<p><a href=\"http:\/\/prehravac.rozhlas.cz\/audio\/2841766\"><img loading=\"lazy\" class=\"size-full wp-image-423 alignright\" title=\"dvojkam\" src=\"http:\/\/www.boto.cz\/wp-content\/uploads\/2013\/03\/dvojkam.jpg\" alt=\"\" width=\"135\" height=\"70\" \/><\/a><\/p>\n<div style=\"text-align: left;\">\n<p><strong><a href=\"http:\/\/prehravac.rozhlas.cz\/audio\/2841766\">\u010cRo Dvojka, po\u0159ad Kontakt<\/a><\/strong><\/p>\n<p>T\u00e9m\u011b\u0159 hodinov\u00fd po\u0159ad s astronomem Pavlem Suchanem o oblasti a sv\u011bteln\u00e9m zne\u010di\u0161t\u011bn\u00ed, vys\u00edl\u00e1no 5.3.2013 od 20:05.<\/p>\n<\/div>\n<hr \/>\n<p><a href=\"http:\/\/ostrava.idnes.cz\/v-beskydech-vznikla-oblast-tmave-oblohy-f0a-\/ostrava-zpravy.aspx?c=A130305_1897399_ostrava-zpravy_ama\"><img loading=\"lazy\" class=\"alignleft\" style=\"border: none;\" title=\"idnes.cz\" src=\"http:\/\/www.boto.cz\/wp-content\/uploads\/2013\/03\/idnes.png\" alt=\"idnes.cz\" width=\"135\" height=\"32\" \/><\/a><\/p>\n<div style=\"text-align: right;\">\n<p><strong><a href=\"http:\/\/ostrava.idnes.cz\/v-beskydech-vznikla-oblast-tmave-oblohy-f0a-\/ostrava-zpravy.aspx?c=A130305_1897399_ostrava-zpravy_ama\">&#8220;V Beskydech spat\u0159\u00edte i pol\u00e1rn\u00ed z\u00e1\u0159i. Zdej\u0161\u00ed tmu chr\u00e1n\u00ed rezervace&#8221;<\/a><\/strong><\/p>\n<p>Report\u00e1\u017e z vyhl\u00e1\u0161en\u00ed na serveru idnes.cz,\u00a05.3.2013<\/p>\n<\/div>\n<hr \/>\n<p><a href=\"http:\/\/www.boto.cz\/wp-content\/uploads\/2013\/03\/udalostikome.jpg\"><img loading=\"lazy\" class=\"size-full wp-image-462 alignright\" title=\"udalostikome\" src=\"http:\/\/www.boto.cz\/wp-content\/uploads\/2013\/03\/udalostikome.jpg\" alt=\"\" width=\"135\" height=\"77\" srcset=\"http:\/\/www.boto.cz\/wp-content\/uploads\/2013\/03\/udalostikome.jpg 155w, http:\/\/www.boto.cz\/wp-content\/uploads\/2013\/03\/udalostikome-150x87.jpg 150w\" sizes=\"(max-width: 135px) 100vw, 135px\" \/><\/a><\/p>\n<div style=\"text-align: left;\">\n<p><strong><a href=\"http:\/\/www.ceskatelevize.cz\/ct24\/regiony\/217562-tma-jako-v-beskydech-neni-nikde-jinde-v-republice\/\">&#8220;Tma jako v Beskydech nen\u00ed nikde jinde v republice&#8221;<\/a><\/strong>, 4.3.2013<\/p>\n<p>\u010cl\u00e1nek o BOTO se z\u00e1znamem report\u00e1\u017ee vys\u00edlan\u00e9 v hlavn\u00edch zpr\u00e1v\u00e1ch od 19:00 na \u010cT1 a vystoupen\u00ed Pavla Suchana v Ud\u00e1lostech Koment\u00e1\u0159\u00edch od 22:00.<\/p>\n<\/div>\n<hr \/>\n<p><a href=\"http:\/\/www.stv.sk\/online\/archiv\/spravy-stv?id=52547&amp;date=2013-03-04&amp;section=36975#2102\"><img loading=\"lazy\" class=\"alignleft\" title=\"stv\" src=\"http:\/\/www.boto.cz\/wp-content\/uploads\/2013\/03\/stv.png\" alt=\"\" width=\"135\" height=\"50\" \/><\/a><\/p>\n<div style=\"text-align: right;\">\n<p><strong><a href=\"http:\/\/www.stv.sk\/online\/archiv\/spravy-stv?id=52547&amp;date=2013-03-04&amp;section=36975#2102\">&#8220;Pre astron\u00f3mov sa obloha nad n\u00e1mi str\u00e1ca&#8221;<\/a><\/strong>\u00a035:10 &#8211; 36:50<\/p>\n<p>Report\u00e1\u017e Slovensk\u00e9 telev\u00edzie z tiskov\u00e9 konference, vys\u00edlan\u00e1 4.3.2013 od 19:00 na Jednotke.<\/p>\n<\/div>\n<hr \/>\n<p><a href=\"http:\/\/www.rozhlas.cz\/mozaika\/veda\/_zprava\/ceskoslovenska-beskydska-oblast-tmave-oblohy--1183363\"><img loading=\"lazy\" class=\"wp-image-492 alignright\" title=\"vltava\" src=\"http:\/\/www.boto.cz\/wp-content\/uploads\/2013\/03\/vltava.jpg\" alt=\"\" width=\"135\" height=\"73\" \/><\/a><\/p>\n<div style=\"text-align: left;\">\n<p><strong><a href=\"http:\/\/www.rozhlas.cz\/mozaika\/veda\/_zprava\/ceskoslovenska-beskydska-oblast-tmave-oblohy--1183363\">\u010cRo Vltava, po\u0159ad Mozaika<\/a><\/strong><\/p>\n<p>Rozhovor s Pavlem Suchanem na t\u00e9ma sv\u011bteln\u00e9ho zne\u010di\u0161t\u011bn\u00ed a Beskydsk\u00e9 oblasti tmav\u00e9 oblohy, v \u00e9teru 4.3.2013 od 8:00.<\/p>\n<\/div>\n<hr \/>\n<p><a href=\"http:\/\/www.rozhlas.cz\/zpravy\/regiony\/_zprava\/beskydska-oblast-tmave-oblohy-tvrz-proti-svetelnemu-znecisteni--1183268\"><img loading=\"lazy\" class=\"alignleft wp-image-485\" style=\"border: none;\" title=\"rozhlas\" src=\"http:\/\/www.boto.cz\/wp-content\/uploads\/2013\/03\/rozhlas.jpg\" alt=\"\" width=\"135\" height=\"40\" \/><\/a><\/p>\n<div style=\"text-align: right;\">\n<p><strong><a href=\"http:\/\/www.rozhlas.cz\/zpravy\/regiony\/_zprava\/beskydska-oblast-tmave-oblohy-tvrz-proti-svetelnemu-znecisteni--1183268\">&#8220;Beskydsk\u00e1 oblast tmav\u00e9 oblohy &#8211; tvrz proti sv\u011bteln\u00e9mu zne\u010di\u0161t\u011bn\u00ed&#8221;<\/a><\/strong><\/p>\n<p>\u010cl\u00e1nek o vzniku oblasti na serveru rozhlas.cz.<\/p>\n<\/div>\n<hr \/>\n<p><a href=\"http:\/\/www.ceskatelevize.cz\/ivysilani\/10122978233-udalosti-v-regionech-ostrava\/413231100030304-udalosti-v-regionech\/\"><img loading=\"lazy\" class=\"alignright\" title=\"logo-ctm\" src=\"http:\/\/www.boto.cz\/wp-content\/uploads\/2013\/03\/logo-ctm.png\" alt=\"\" width=\"135\" height=\"40\" \/><\/a><\/p>\n<div style=\"text-align: left;\">\n<p><strong><a href=\"http:\/\/www.ceskatelevize.cz\/ivysilani\/10122978233-udalosti-v-regionech-ostrava\/413231100030304-udalosti-v-regionech\/\">\u010cesk\u00e1 televize, Ud\u00e1losti v regionech (Ostrava)<\/a><\/strong>\u00a007:13 &#8211; 10:20<\/p>\n<p>Report\u00e1\u017e z vyhl\u00e1\u0161en\u00ed, vstupy s hosty konference, vys\u00edl\u00e1no 4.3.2013 v 18:00 na \u010cT1<\/p>\n<\/div>\n<hr \/>\n<p><a href=\"http:\/\/prehravac.rozhlas.cz\/audio\/2840908\"><img loading=\"lazy\" class=\"alignleft wp-image-428\" title=\"plusm\" src=\"http:\/\/www.boto.cz\/wp-content\/uploads\/2013\/03\/plusm.jpg\" alt=\"\" width=\"135\" height=\"70\" \/><\/a><\/p>\n<div style=\"text-align: right;\">\n<p><a href=\"http:\/\/prehravac.rozhlas.cz\/audio\/2840908\"><strong>\u010cRo Plus, po\u0159ad Leonardo<\/strong><\/a>,\u00a024:20 &#8211; 28:00<\/p>\n<p>Rozhovor s Pavlem Suchanem o vyhl\u00e1\u0161en\u00ed Beskydsk\u00e9 oblasti tmav\u00e9 oblohy, v \u00e9teru 4.3.2013 od 16:00<\/p>\n<\/div>\n<hr \/>\n<p><a href=\"http:\/\/prehravac.rozhlas.cz\/audio\/2834255\"><img loading=\"lazy\" class=\"wp-image-435 alignright\" style=\"border: none;\" title=\"cro_leonardo\" src=\"http:\/\/www.boto.cz\/wp-content\/uploads\/2013\/03\/cro_leonardo.png\" alt=\"\" width=\"135\" height=\"80\" \/><\/a><\/p>\n<div style=\"text-align: left;\">\n<p><strong><a href=\"http:\/\/prehravac.rozhlas.cz\/audio\/2834255\">\u010cRo Leonardo, po\u0159ad Nebesk\u00fd cestopis<\/a><\/strong>\u00a001:40 &#8211; 02:50<\/p>\n<p>Kr\u00e1tk\u00e9 p\u0159edstaven\u00ed oblasti z \u00fast Petra Sobotky, v \u00e9teru 23.2.2013 od 20:00<\/p>\n<\/div>\n<hr \/>\n<p><a href=\"http:\/\/www.boto.cz\/wp-content\/uploads\/2013\/03\/lesycr.jpg\"><img loading=\"lazy\" class=\"alignleft wp-image-454\" title=\"lesycr\" src=\"http:\/\/www.boto.cz\/wp-content\/uploads\/2013\/03\/lesycr.jpg\" alt=\"\" width=\"135\" height=\"65\" \/><\/a><\/p>\n<div style=\"text-align: right;\"><strong><a href=\"http:\/\/www.lesycr.cz\/media\/tiskove-zpravy\/Stranky\/lesy-cr-jsou-partnerem-cesko-slovenske-beskydske-oblasti-tmave-oblohy.aspx?retUrl=%2fmedia%2ftiskove-zpravy%2fStranky%2fdefault.aspx\">\u00a0&#8220;Lesy \u010cR jsou partnerem Beskydsk\u00e9 oblosti tmav\u00e9 oblohy&#8221;<\/a><\/strong><br \/>\nTiskov\u00e1 zpr\u00e1va Les\u016f \u010cR<\/div>\n<hr \/>\n<p><a href=\"https:\/\/vimeo.com\/60872501\" target=\"_blank\" rel=\"nofollow noopener noreferrer\"> <strong>Kdyby zhasnul sv\u011bt<\/strong><\/a>\u00a0Trailer k p\u0159ipravovan\u00e9mu filmu \u017dofie Mil\u00e1tov\u00e9 o Beskydsk\u00e9 oblasti tmav\u00e9 oblohy<\/p>\n","protected":false},"excerpt":{"rendered":"<p>P\u0159ehled zpr\u00e1v o Beskydsk\u00e9 oblasti tmav\u00e9 oblohy v m\u00e9di\u00edch Zv\u00ed\u0159ata u\u017e nemaj\u00ed p\u0159ed \u010dlov\u011bkem kam ut\u00e9ct, ani v hor\u00e1ch nen\u00ed klid, \u0159\u00edk\u00e1 \u0161\u00e9f CHKO Beskydy 5.5.2023 Studio \u010cT 24, v \u010dase od 53:36, 1.3.2023 Na beskydsk\u00e9m Gr\u00fani le\u017e\u00ed meteorit s rodokmenem. Na Zemi dopadl v roce 2000 30.4.2021 &#8220;V Jizerk\u00e1ch a Beskydech budou pozorovat nejtmav\u0161\u00ed [&hellip;]<\/p>\n","protected":false},"author":1,"featured_media":0,"parent":0,"menu_order":4,"comment_status":"open","ping_status":"open","template":"","meta":{"ngg_post_thumbnail":0},"_links":{"self":[{"href":"http:\/\/www.boto.cz\/index.php?rest_route=\/wp\/v2\/pages\/304"}],"collection":[{"href":"http:\/\/www.boto.cz\/index.php?rest_route=\/wp\/v2\/pages"}],"about":[{"href":"http:\/\/www.boto.cz\/index.php?rest_route=\/wp\/v2\/types\/page"}],"author":[{"embeddable":true,"href":"http:\/\/www.boto.cz\/index.php?rest_route=\/wp\/v2\/users\/1"}],"replies":[{"embeddable":true,"href":"http:\/\/www.boto.cz\/index.php?rest_route=%2Fwp%2Fv2%2Fcomments&post=304"}],"version-history":[{"count":93,"href":"http:\/\/www.boto.cz\/index.php?rest_route=\/wp\/v2\/pages\/304\/revisions"}],"predecessor-version":[{"id":1079,"href":"http:\/\/www.boto.cz\/index.php?rest_route=\/wp\/v2\/pages\/304\/revisions\/1079"}],"wp:attachment":[{"href":"http:\/\/www.boto.cz\/index.php?rest_route=%2Fwp%2Fv2%2Fmedia&parent=304"}],"curies":[{"name":"wp","href":"https:\/\/api.w.org\/{rel}","templated":true}]}}