{"id":20,"date":"2012-12-27T18:26:00","date_gmt":"2012-12-27T18:26:00","guid":{"rendered":"http:\/\/www.boto.cz\/?page_id=20"},"modified":"2013-03-07T16:55:54","modified_gmt":"2013-03-07T16:55:54","slug":"jak-svitit-lepe","status":"publish","type":"page","link":"http:\/\/www.boto.cz\/?page_id=20","title":{"rendered":"Jak sv\u00edtit l\u00e9pe"},"content":{"rendered":"<header>Oblast tmav\u00e9 oblohy neznamen\u00e1 z\u00e1kaz sv\u00edcen\u00ed! Znamen\u00e1 snahu o dodr\u017eov\u00e1n\u00ed pravidel spr\u00e1vn\u00e9ho sv\u00edcen\u00ed. Ty z\u00e1kladn\u00ed jsou sv\u00edtit <strong>KDY<\/strong> je pot\u0159eba, <strong>KAM<\/strong> je pot\u0159eba a <strong>JAK SILN\u011a<\/strong> je pot\u0159eba.<\/header>\n<header><\/header>\n<header><\/header>\n<header><a href=\"http:\/\/www.boto.cz\/wp-content\/uploads\/2012\/12\/Priroda.jpg\"><img loading=\"lazy\" class=\"size-medium wp-image-85 aligncenter\" title=\"Priroda\" src=\"http:\/\/www.boto.cz\/wp-content\/uploads\/2012\/12\/Priroda-300x243.jpg\" alt=\"\" width=\"300\" height=\"243\" srcset=\"http:\/\/www.boto.cz\/wp-content\/uploads\/2012\/12\/Priroda-300x243.jpg 300w, http:\/\/www.boto.cz\/wp-content\/uploads\/2012\/12\/Priroda-1024x831.jpg 1024w, http:\/\/www.boto.cz\/wp-content\/uploads\/2012\/12\/Priroda-332x270.jpg 332w, http:\/\/www.boto.cz\/wp-content\/uploads\/2012\/12\/Priroda.jpg 1153w\" sizes=\"(max-width: 300px) 100vw, 300px\" \/><\/a><\/header>\n<p><a href=\"http:\/\/www.boto.cz\/wp-content\/uploads\/2012\/12\/Rekonstrukce.jpg\"><img loading=\"lazy\" class=\"size-medium wp-image-86 aligncenter\" title=\"Rekonstrukce\" src=\"http:\/\/www.boto.cz\/wp-content\/uploads\/2012\/12\/Rekonstrukce-300x243.jpg\" alt=\"\" width=\"300\" height=\"243\" srcset=\"http:\/\/www.boto.cz\/wp-content\/uploads\/2012\/12\/Rekonstrukce-300x243.jpg 300w, http:\/\/www.boto.cz\/wp-content\/uploads\/2012\/12\/Rekonstrukce-1024x829.jpg 1024w, http:\/\/www.boto.cz\/wp-content\/uploads\/2012\/12\/Rekonstrukce-333x270.jpg 333w, http:\/\/www.boto.cz\/wp-content\/uploads\/2012\/12\/Rekonstrukce.jpg 1143w\" sizes=\"(max-width: 300px) 100vw, 300px\" \/><\/a><\/p>\n<p>&nbsp;<\/p>\n<p>V r\u00e1mci na\u0161eho projektu jsme p\u0159ipravili podrobn\u011bj\u0161\u00ed obr\u00e1zkov\u00fd manu\u00e1l, kter\u00fd je ke sta\u017een\u00ed v <a href=\"http:\/\/www.boto.cz\/wp-content\/uploads\/2012\/12\/Navod-CZ.pdf\" target=\"_blank\"><strong>\u010de\u0161tin\u011b<\/strong><\/a> i ve <a href=\"http:\/\/www.boto.cz\/wp-content\/uploads\/2012\/12\/Navod-SK.pdf\" target=\"_blank\"><strong>sloven\u0161tin\u011b<\/strong><\/a>.<\/p>\n","protected":false},"excerpt":{"rendered":"<p>Oblast tmav\u00e9 oblohy neznamen\u00e1 z\u00e1kaz sv\u00edcen\u00ed! Znamen\u00e1 snahu o dodr\u017eov\u00e1n\u00ed pravidel spr\u00e1vn\u00e9ho sv\u00edcen\u00ed. Ty z\u00e1kladn\u00ed jsou sv\u00edtit KDY je pot\u0159eba, KAM je pot\u0159eba a JAK SILN\u011a je pot\u0159eba. &nbsp; V r\u00e1mci na\u0161eho projektu jsme p\u0159ipravili podrobn\u011bj\u0161\u00ed obr\u00e1zkov\u00fd manu\u00e1l, kter\u00fd je ke sta\u017een\u00ed v \u010de\u0161tin\u011b i ve sloven\u0161tin\u011b.<\/p>\n","protected":false},"author":1,"featured_media":0,"parent":0,"menu_order":2,"comment_status":"open","ping_status":"open","template":"","meta":{"ngg_post_thumbnail":0},"_links":{"self":[{"href":"http:\/\/www.boto.cz\/index.php?rest_route=\/wp\/v2\/pages\/20"}],"collection":[{"href":"http:\/\/www.boto.cz\/index.php?rest_route=\/wp\/v2\/pages"}],"about":[{"href":"http:\/\/www.boto.cz\/index.php?rest_route=\/wp\/v2\/types\/page"}],"author":[{"embeddable":true,"href":"http:\/\/www.boto.cz\/index.php?rest_route=\/wp\/v2\/users\/1"}],"replies":[{"embeddable":true,"href":"http:\/\/www.boto.cz\/index.php?rest_route=%2Fwp%2Fv2%2Fcomments&post=20"}],"version-history":[{"count":20,"href":"http:\/\/www.boto.cz\/index.php?rest_route=\/wp\/v2\/pages\/20\/revisions"}],"predecessor-version":[{"id":84,"href":"http:\/\/www.boto.cz\/index.php?rest_route=\/wp\/v2\/pages\/20\/revisions\/84"}],"wp:attachment":[{"href":"http:\/\/www.boto.cz\/index.php?rest_route=%2Fwp%2Fv2%2Fmedia&parent=20"}],"curies":[{"name":"wp","href":"https:\/\/api.w.org\/{rel}","templated":true}]}}